{"id":425,"date":"2017-11-10T14:08:51","date_gmt":"2017-11-10T13:08:51","guid":{"rendered":"http:\/\/tag_link_site_url\/mesmerize\/"},"modified":"2025-06-03T00:15:11","modified_gmt":"2025-06-02T22:15:11","slug":"mesmerize","status":"publish","type":"page","link":"https:\/\/gymaddict.fr\/en\/","title":{"rendered":"Home"},"content":{"rendered":"<div  data-label=\"Presentation\" data-id=\"content--6\" data-export-id=\"content-5\" data-category=\"content\" class=\"content-5 content-section content-section-spacing\" id=\"presentation\" style=\"background-color: rgb(255, 255, 255);\"><div  class=\"gridContainer\"> <div  class=\"row text-center\"><div  class=\"section-title-col\" data-type=\"column\"> <h2  class=\"\"><span  style=\"color: rgb(10, 1, 1);\">Top of the range gym<\/span><\/h2> <p  class=\"lead\"><span  style=\"color: rgb(52, 58, 64);\">GYM ADDICT Cogolin is the largest fitness club in the Gulf of Saint Tropez.<\/span><br ><span  style=\"color: rgb(52, 58, 64);\">\nEasy access, with free parking.<\/span><\/p><\/div> <\/div> <div  class=\"row middle-sm\"> <div  class=\"col-sm-6 space-bottom-xs\"> <div  class=\"row space-bottom content-holder\" data-type=\"column\"> <h3  class=\"color2\">DISCOVER YOUR GYM<\/h3> <p  class=\"\"><span  style=\"color: rgb(52, 58, 64);\">With a surface area of 600 m\u00b2, fully ventilated and air-conditioned, the club offers :<\/span><br ><span  style=\"color: rgb(52, 58, 64);\">\nA 145 m2 group class room<\/span><br ><span  style=\"color: rgb(52, 58, 64);\">\nAn RPM room with 35 bikes,<\/span><br ><span  style=\"color: rgb(52, 58, 64);\">\nA 200 m2 area dedicated to weight training and cardio-training.<\/span><\/p><\/div> <div  class=\"row space-bottom\" data-type=\"row\"><div  class=\"col-sm-6 space-bottom\"> <i  class=\"fa icon medium fa-clock-o color2\"><\/i> <h5  class=\"\"><span  style=\"color: rgb(10, 1, 1);\">SCHEDULES<\/span><\/h5> <p  class=\"\"><span  style=\"color: rgb(52, 58, 64);\">OPEN 7 days a week<\/span><br ><span  style=\"color: rgb(52, 58, 64);\">\nMonday to Friday 8am to 9pm, Saturday 9am to 2pm, Sunday and public holidays 9am to 1pm.<\/span><\/p><\/div> <div  class=\"col-sm-6\"><i  class=\"fa icon medium fa-star color2\"><\/i> <h5  class=\"\"><span  style=\"color: rgb(10, 1, 1);\">QUALITY EQUIPMENT<\/span><\/h5> <p  class=\"\"><span  style=\"color: rgb(52, 58, 64);\">Equipped by TECHNOGYM, fully connected UNITY treadmills.<\/span><br ><span  style=\"color: rgb(52, 58, 64);\">\nELEMENTS guided loads fitted with ISOCONTROL.<\/span><\/p><\/div> <div  class=\"col-sm-6 space-bottom\"><i  class=\"fa icon medium fa-handshake-o color2\"><\/i> <h5  class=\"\"><span  style=\"color: rgb(10, 1, 1);\">INDIVIDUAL TRAINING<\/span><\/h5> <p  class=\"\"><span  style=\"color: rgb(52, 58, 64);\">A team of coaches will accompany you and offer you a tailor-made service to suit your wishes and schedule.<\/span><\/p><\/div> <div  class=\"col-sm-6\"><i  class=\"fa icon medium fa-group color2\"><\/i> <h5  class=\"\"><span  style=\"color: rgb(10, 1, 1);\">GROUP TRAINING<\/span><\/h5> <p  class=\"\"><span  style=\"color: rgb(52, 58, 64);\">In small group, you'll benefit from training sessions with a coach using proven and innovative methods.<\/span><\/p><\/div> <\/div><\/div> <div  class=\"col-sm-6 flexbox around-xs top-xs space-bottom-xs\"><div  class=\"overlay-box flexbox middle-xs center-xs overlay-holder\"> <div  class=\"overlay-box-offset offset-background shadow-medium bg-color2 hide-xs\"><\/div> <img  decoding=\"async\" class=\"flexbox shadow-large img1\" data-size=\"485x632\" src=\"https:\/\/gymaddict.fr\/wp-content\/uploads\/2023\/04\/cropped-695A0046-scaled-1.jpg\" alt=\"\" title=\"cropped-695A0046-scaled-1.jpg\"><\/div> <\/div><\/div> <\/div><\/div><div  data-label=\"Cta\" data-id=\"cta--1\" data-export-id=\"cta-centered-section-grid\" data-category=\"cta\" class=\"cta-centered-section-grid content-section content-section-spacing-medium bg-color1 white-text\" id=\"cta-1\" style=\"background-image: none; background-color: rgb(235, 92, 2);\"><div  class=\"gridContainer\"> <div  class=\"row text-center\"><div  class=\"col-xs-12 col-sm-10 col-sm-offset-1 col-md-8 col-md-offset-2\" data-type=\"column\"> <h2  class=\"\" data-lt-tmp-id=\"lt-823576\" data-gramm=\"false\">Follow us on our social networks<\/h2> <p  class=\"\" data-lt-tmp-id=\"lt-290339\" data-gramm=\"false\">Facebook: Gym Addict\n<br >Instagram : Gymaddictsttropez<\/p> <img  decoding=\"async\" class=\"custom-image\" src=\"https:\/\/gymaddict.fr\/wp-content\/uploads\/2023\/04\/qr-code-insta-1-e1682850266306.png\" title=\"qr-code insta\" alt=\"\"><\/div> <\/div><\/div> <\/div><div  data-label=\"Prix\" data-id=\"pricing--1\" data-export-id=\"pricing-4\" data-category=\"pricing\" data-featured-class=\"pricing-featured\" class=\"pricing-4 content-section content-section-spacing\" id=\"prix\" style=\"background-color: rgb(255, 255, 255);\"><div  class=\"gridContainer\"> <div  class=\"row\"><div  class=\"section-title-col\" data-type=\"column\"> <h2  class=\"text-center\"><span  style=\"color: rgb(10, 1, 1);\">PRICES GYM-ADDICT<\/span><\/h2> <p  class=\"lead\">Choose the subscription that's right for you: \n<br >all our packages include sports coaching.<\/p><\/div> <\/div> <div  data-type=\"row\" class=\"row middle-sm\"> <div  class=\"col-xs-12 col-sm-4 text-center no-gutter-col space-bottom\"> <div  data-default=\"no-class\" data-featured=\"shadow-large\" data-type=\"column\" class=\"card\"> <div  class=\"top-right-triangle color2\"><\/div> <h5  class=\"upper\">off-peak hours<\/h5> <i  class=\"fa icon round-background fa-heartbeat reverse round big color2\"><\/i> <h3  class=\"h1\">39.90\u20ac<\/h3> <p  data-default=\"color1\" data-featured=\"color2\" class=\"small color1\"><span  style=\"color: rgb(251, 192, 45);\">per month (12 months)<\/span><\/p> <ul  class=\"unstyled checked decoration-color1 text-center black\"><li >From 8H00 to 16H00 only, excluding group courses<\/li><li >Monthly direct debit subscription<\/li><li >Direct debit fee + card \u20ac49<\/li><li >Open-ended contract with minimum 12-month commitment.<\/li><li >1 month's notice<\/li><\/ul> <a data-default=\"color1\" data-featured=\"color2\" class=\"button upper color6\" href=\"https:\/\/member.resamania.com\/gymaddict\/registration\" target=\"_self\" data-cp-link=\"1\" data-icon=\"\" rel=\"noopener noreferrer\">BUY NOW<\/a> <\/div><\/div> <div  class=\"col-xs-12 col-sm-4 text-center no-gutter-col space-bottom pricing-featured\"><div  data-default=\"no-class\" data-featured=\"shadow-large\" data-type=\"column\" class=\"card shadow-large\"> <div  class=\"top-right-triangle color2\"><\/div> <h5  class=\"upper\">Classic<\/h5> <i  class=\"fa icon round-background fa-hand-rock-o reverse round big color2\"><\/i> <h3  class=\"h1\">59\u20ac<\/h3> <p  data-default=\"color1\" data-featured=\"color2\" class=\"small color2\">per month (12 months)<\/p> <ul  class=\"unstyled checked decoration-color1 text-center black\"><li >Cardio training, strength training and group classes.<\/li><li >Monthly direct debit subscription<\/li><li >Direct debit fee + card \u20ac49<\/li><li >Open-ended contract with minimum 12-month commitment.<\/li><li >1 month's notice<\/li><\/ul> <a data-default=\"color1\" data-featured=\"color2\" class=\"button upper color2\" href=\"https:\/\/member.resamania.com\/gymaddict\/registration\" target=\"_self\" data-cp-link=\"1\" data-icon=\"\" rel=\"noopener noreferrer\">BUY NOW<\/a> <\/div><\/div> <div  class=\"col-xs-12 col-sm-4 text-center no-gutter-col space-bottom\"><div  data-default=\"no-class\" data-featured=\"shadow-large\" data-type=\"column\" class=\"card\"> <div  class=\"top-right-triangle color2\"><\/div> <h5  class=\"upper\">liberty<\/h5> <i  class=\"fa icon round-background fa-trophy reverse round big color2\"><\/i> <h3  class=\"h1\" data-lt-tmp-id=\"lt-412054\" data-gramm=\"false\">64\u20ac<\/h3> <p  data-default=\"color1\" data-featured=\"color2\" class=\"small color1\" data-lt-tmp-id=\"lt-526868\" data-gramm=\"false\"><span  style=\"color: rgb(251, 192, 45);\">per month<\/span><\/p> <ul  class=\"unstyled checked decoration-color1 text-center black\"><li >No time commitment<\/li><li >Cardio training, strength training and group classes.<\/li><li >+ \u20ac5 access card<\/li><li >No application fees <\/li><\/ul> <a data-default=\"color1\" data-featured=\"color2\" class=\"button upper color6\" href=\"https:\/\/member.resamania.com\/gymaddict\/registration\" target=\"_self\" data-cp-link=\"1\" data-icon=\"\" rel=\"noopener noreferrer\">BUY NOW<\/a> <\/div><\/div> <\/div><\/div> <\/div><div  data-label=\"Avis\" data-id=\"testimonials--1\" data-export-id=\"testimonials-5\" data-category=\"testimonials\" class=\"testimonials-5 content-section content-section-spacing slick_carbon\" id=\"avis\"><div  class=\"gridContainer\"> <div  class=\"row\"><div  data-type=\"column\" class=\"section-title-col\"> <h2  class=\"\"><span  style=\"color: rgb(255, 255, 255);\">Customer reviews\n<\/span><\/h2> <\/div> <\/div> <div  class=\"row spaced-cols content-center-sm\" data-type=\"row\">   <div  class=\"col-sm-4\"> <div  class=\"card y-move bordered\" data-type=\"column\"> <i  class=\"fa icon quotation-icon fa-quote-right small color2\"><\/i> <p  class=\"text-center\"><span  style=\"color: rgb(10, 1, 1);\">Very good team, good equipment, well-maintained, clean, opening hours from 8am to 9pm, fair price, what more could you ask for?<\/span><br ><span  style=\"color: rgb(10, 1, 1);\">\nI forgot... parking across the street, never too crowded, and a great atmosphere, I've made lots of friends in this room.<\/span><br ><span  style=\"color: rgb(10, 1, 1);\">\nIn short, very happy, nothing to say except keep it up!<\/span><\/p> <img  decoding=\"async\" src=\"https:\/\/gymaddict.fr\/wp-content\/uploads\/2019\/03\/cropped-avis-1.jpg\" class=\"round icon\" alt=\"\" title=\"cropped-avis-1.jpg\"> <h6  class=\"\">Stephane Lehembre<\/h6> <\/div> <\/div><div  class=\"col-sm-4\"> <div  class=\"card y-move bordered\" data-type=\"column\"> <i  class=\"fa icon quotation-icon fa-quote-right small color2\"><\/i> <p  class=\"text-center\"><span  style=\"color: rgb(10, 1, 1);\">Gym Addict is the place to be for those who want to evolve, and we offer an environment conducive to quality training, thanks to our many machines and our qualified, top-notch team who are always there for everyone, with a smile.<\/span><br ><span  style=\"color: rgb(10, 1, 1);\">\nBest (real) gym in the whole Gulf of St Tropez!<\/span><\/p> <img  decoding=\"async\" src=\"https:\/\/gymaddict.fr\/wp-content\/uploads\/2019\/03\/cropped-silvain-3.jpg\" class=\"round icon\" alt=\"\" title=\"cropped-silvain-3.jpg\"> <h6  class=\"\">Silvain Descamps<\/h6> <\/div> <\/div><div  class=\"col-sm-4\"> <div  class=\"card y-move bordered\" data-type=\"column\"> <i  class=\"fa icon quotation-icon fa-quote-right small color2\"><\/i> <p  class=\"text-center\"><span  style=\"color: rgb(10, 1, 1);\">Top !<\/span><br ><span  style=\"color: rgb(10, 1, 1);\">\nEasy access, free parking available.<\/span><br ><span  style=\"color: rgb(10, 1, 1);\">\nFull technogym\n<\/span><br ><span  style=\"color: rgb(10, 1, 1);\">\nWeights platform, cardio rooms, group classes and an RPM room.<\/span><br ><span  style=\"color: rgb(10, 1, 1);\">\nClean changing rooms with individual showers.<\/span><br ><span  style=\"color: rgb(10, 1, 1);\">\nFriendly staff<\/span><\/p> <img  decoding=\"async\" src=\"https:\/\/gymaddict.fr\/wp-content\/uploads\/2019\/03\/cropped-41955076_1148182711989165_1485304251935621120_o.jpg\" class=\"round icon\" alt=\"\" title=\"cropped-41955076_1148182711989165_1485304251935621120_o.jpg\"> <h6  class=\"\">S\u00e9verine Orthey<\/h6> <\/div> <\/div><\/div> <\/div><\/div><div  data-label=\"About\" data-id=\"about--1\" data-export-id=\"about-9\" data-category=\"about\" class=\"about-9 content-section content-section-spacing\" id=\"about-1\" style=\"background-color: rgb(255, 255, 255);\"><div  class=\"gridContainer\"> <div  class=\"row middle-sm text-center\"><div  class=\"col-sm-5 space-bottom-xs content-column content-right-sm\" data-type=\"column\">  <h2  class=\"\" data-lt-tmp-id=\"lt-280550\" data-gramm=\"false\"><span  href=\"#\">It's your turn...&nbsp;\n<\/span><span  style=\"font-family: Playfair Display,sans-serif; font-weight: 700; font-style: italic;\" href=\"#\">leave your opinion<\/span> \n<br ><span  style=\"font-weight: 600;\">scan the QR code<\/span><span  id=\"_mce_caret\" data-mce-bogus=\"1\" data-mce-type=\"format-caret\"><span  style=\"font-weight: 600;\"><\/span><\/span><\/h2>  <\/div> <div  class=\"col-sm-7 flexbox flexbox middle-xs center-xs space-bottom-xs\"><div  class=\"overlay-box flexbox middle-xs center-xs overlay-holder\"> <div  class=\"overlay-box-offset offset-background shadow-medium bg-color2 hide-xs\"><\/div> <img  decoding=\"async\" class=\"flexbox shadow-large img1\" src=\"https:\/\/gymaddict.fr\/wp-content\/uploads\/2023\/04\/qr-code-avis-e1682956254264.png\" data-size=\"600x400\" title=\"qr-code avis\" alt=\"\"><\/div> <\/div><\/div> <\/div><\/div><div  data-label=\"Clients\" data-id=\"clients--4\" data-export-id=\"clients-4\" data-category=\"clients\" class=\"clients-4 content-section content-section-spacing-small\" id=\"clients-4\" style=\"background-color: rgb(255, 255, 255);\"><div  class=\"gridContainer\"> <div  class=\"row\"><div  data-type=\"column\" class=\"section-title-col\"> <h2  class=\"font-700\"><span  style=\"color: rgb(10, 1, 1);\">Our partners<\/span><\/h2> <p  class=\"lead\"><span  style=\"color: rgb(52, 58, 64);\">We work with the best to improve our services<\/span><\/p><\/div> <\/div> <div  data-type=\"row\" class=\"row spaced-cols middle-xs center-xs space-bottom padding-lr\"> <div  class=\"col-xs-6 col-sm-2\"> <img  decoding=\"async\" src=\"https:\/\/s792608217.onlinehome.fr\/wp-content\/uploads\/2019\/07\/cropped-image.png\" class=\"\" alt=\"\" title=\"cropped-image.png\"><img  decoding=\"async\" class=\"custom-image\" src=\"https:\/\/gymaddict.fr\/wp-content\/uploads\/2024\/05\/cropped-logo-OG-noir.png\" alt=\"\" title=\"cropped-logo-OG-noir.png\"><\/div> <div  class=\"col-xs-6 col-sm-2\"> <img  decoding=\"async\" src=\"https:\/\/s792608217.onlinehome.fr\/wp-content\/uploads\/2019\/03\/cropped-logo_orange-23-830x830-4.png\" class=\"\" alt=\"\" title=\"cropped-logo_orange-23-830x830-4.png\"><img  decoding=\"async\" class=\"custom-image\" src=\"https:\/\/gymaddict.fr\/wp-content\/uploads\/2019\/03\/cropped-logo_orange-23-830x830-5.png\" alt=\"\" title=\"cropped-logo_orange-23-830x830-5.png\"><\/div> <div  class=\"col-xs-6 col-sm-2\"> <img  decoding=\"async\" src=\"https:\/\/s792608217.onlinehome.fr\/wp-content\/uploads\/2019\/03\/cropped-tNUbgKv-4.jpeg\" class=\"\" alt=\"\" title=\"cropped-tNUbgKv-4.jpeg\"><img  decoding=\"async\" class=\"custom-image\" src=\"https:\/\/gymaddict.fr\/wp-content\/uploads\/2021\/06\/cropped-logo-yamamoto.png\" alt=\"\" title=\"cropped-logo-yamamoto.png\"><\/div> <div  class=\"col-xs-6 col-sm-2\"> <img  decoding=\"async\" src=\"https:\/\/s792608217.onlinehome.fr\/wp-content\/uploads\/2019\/03\/cropped-biotechusa-1.png\" class=\"\" alt=\"\" title=\"cropped-biotechusa-1.png\"><img  decoding=\"async\" class=\"custom-image\" src=\"https:\/\/gymaddict.fr\/wp-content\/uploads\/2019\/03\/cropped-biotechusa-2.png\" alt=\"\" title=\"cropped-biotechusa-2.png\"><\/div> <div  class=\"col-xs-6 col-sm-2\"> <img  decoding=\"async\" src=\"https:\/\/s792608217.onlinehome.fr\/wp-content\/uploads\/2019\/03\/cropped-technogym-logo-600x315-2.png\" class=\"\" alt=\"\" title=\"cropped-technogym-logo-600x315-2.png\"><img  decoding=\"async\" class=\"custom-image\" src=\"https:\/\/gymaddict.fr\/wp-content\/uploads\/2019\/03\/cropped-technogym-logo-600x315-3.png\" alt=\"\" title=\"cropped-technogym-logo-600x315-3.png\"><\/div>  <div  class=\"col-xs-6 col-sm-2\"> <img  decoding=\"async\" src=\"https:\/\/s792608217.onlinehome.fr\/wp-content\/uploads\/2019\/07\/cropped-image.png\" class=\"\" alt=\"\" title=\"cropped-image.png\"><img  decoding=\"async\" class=\"custom-image\" src=\"https:\/\/gymaddict.fr\/wp-content\/uploads\/2019\/03\/cropped-tNUbgKv-6.jpeg\" alt=\"\" title=\"cropped-tNUbgKv-6.jpeg\"><\/div><div  class=\"col-xs-6 col-sm-2\"> <img  decoding=\"async\" src=\"https:\/\/s792608217.onlinehome.fr\/wp-content\/uploads\/2019\/07\/cropped-image.png\" class=\"\" alt=\"\" title=\"cropped-image.png\"><\/div><\/div><\/div> <\/div><div  data-label=\"Contact\" data-id=\"contact--1\" data-export-id=\"contact-3\" data-category=\"contact\" class=\"contact-3 content-section content-section-spacing\" id=\"contact-1\" style=\"background-color: rgb(245, 250, 253); background-image: url(&quot;https:\/\/gymaddict.fr\/wp-content\/uploads\/2019\/04\/Maps.png&quot;); background-size: cover; background-position: center top;\" data-section-ov=\"1\"><div  class=\"gridContainer\"> <div  class=\"row\"><div  class=\"col-xs-12 col-sm-6 col-sm-offset-6 col-md-5 col-md-offset-7 text-center\"> <div  data-type=\"column\" class=\"card large-padding\"><h2  class=\"font-300\"><span  style=\"color: rgb(10, 1, 1); font-weight: 700;\">Keep in touch<\/span><\/h2> <h4  class=\"font-300\"><span  style=\"color: rgb(52, 58, 64);\">Cogolin, FR<\/span><\/h4> <p  class=\"\"><span  style=\"color: rgb(52, 58, 64);\">36, rue du Subeiran 83310 COGOLIN<\/span><\/p> <p  class=\"\"><span  style=\"color: rgb(52, 58, 64);\"><span  style=\"font-weight: 700;\">T\u00e9l\u00e9phone :<\/span> 04.94.83.98.23<\/span><\/p>  <a href=\"https:\/\/gymaddict.fr\/en\/contact\/\" class=\"button color2 square\" target=\"_self\" data-cp-link=\"1\" data-icon=\"\" rel=\"noopener noreferrer\">Contact us <\/a><\/div> <\/div><\/div> <\/div><\/div>","protected":false},"excerpt":{"rendered":"<p>SALLE DE SPORT HAUT DE GAMME GYM ADDICT Cogolin est le plus grand club de Fitness du golfe de Saint Tropez. Facile d\u2019acc\u00e8s, disposant d\u2019un parking Gratuit. D\u00c9COUVREZ VOTRE SALLE DE SPORT D\u2019une superficie de 600 m\u00b2, enti\u00e8rement ventil\u00e9 et climatis\u00e9 le club met \u00e0 votre disposition : Une salle de cours collectifs de 145&hellip; <br \/> <a class=\"read-more\" href=\"https:\/\/gymaddict.fr\/en\/\">Read more<\/a><\/p>","protected":false},"author":1,"featured_media":0,"parent":0,"menu_order":0,"comment_status":"closed","ping_status":"closed","template":"page-templates\/homepage.php","meta":[],"aioseo_notices":[],"_links":{"self":[{"href":"https:\/\/gymaddict.fr\/en\/wp-json\/wp\/v2\/pages\/425"}],"collection":[{"href":"https:\/\/gymaddict.fr\/en\/wp-json\/wp\/v2\/pages"}],"about":[{"href":"https:\/\/gymaddict.fr\/en\/wp-json\/wp\/v2\/types\/page"}],"author":[{"embeddable":true,"href":"https:\/\/gymaddict.fr\/en\/wp-json\/wp\/v2\/users\/1"}],"replies":[{"embeddable":true,"href":"https:\/\/gymaddict.fr\/en\/wp-json\/wp\/v2\/comments?post=425"}],"version-history":[{"count":83,"href":"https:\/\/gymaddict.fr\/en\/wp-json\/wp\/v2\/pages\/425\/revisions"}],"predecessor-version":[{"id":1684,"href":"https:\/\/gymaddict.fr\/en\/wp-json\/wp\/v2\/pages\/425\/revisions\/1684"}],"wp:attachment":[{"href":"https:\/\/gymaddict.fr\/en\/wp-json\/wp\/v2\/media?parent=425"}],"curies":[{"name":"wp","href":"https:\/\/api.w.org\/{rel}","templated":true}]}}