{"id":457,"date":"2019-03-03T18:48:22","date_gmt":"2019-03-03T17:48:22","guid":{"rendered":"http:\/\/s792608217.onlinehome.fr\/?page_id=457"},"modified":"2022-09-08T11:47:24","modified_gmt":"2022-09-08T09:47:24","slug":"actualites","status":"publish","type":"page","link":"https:\/\/gymaddict.fr\/en\/actualites\/","title":{"rendered":"News"},"content":{"rendered":"<div  data-label=\"Latest-news\" data-id=\"latest_news--1\" data-export-id=\"blog-section-card\" data-category=\"latest_news\" class=\"blog-section content-section content-section-spacing section-title-col-\" id=\"latest_news-1\" style=\"background-color: rgb(255, 255, 255);\"><div  class=\"gridContainer\"> <div  class=\"row\"><div  data-type=\"column\" class=\"section-title-col\"> <h2  class=\"\"><span  style=\"color: rgb(10, 1, 1);\">Latest news<\/span><\/h2> <img decoding=\"async\"  class=\"custom-image\" src=\"https:\/\/gymaddict.fr\/wp-content\/uploads\/2022\/09\/Noir-et-Orange-Animaux-Publicite-Flyer.pdf\" alt=\"\" title=\"Noir et Orange Animaux Publicit\u00e9 Flyer\"><\/div> <\/div> <div  class=\"row\"> <div  data-type=\"row\" data-dynamic-columns=\"handled\" data-content-shortcode=\"mesmerize_latest_news item_class=&quot;card no-padding&quot; columns=&quot;4&quot; \">        <div class=\"row center-sm content-left-sm\">\n            <\/div>\n    <\/div><\/div> <div  class=\"row\"><div  class=\"text-center\"> <a  class=\"button color2\" data-attr-shortcode=\"href:mesmerize_blog_link\" href=\"https:\/\/gymaddict.fr\/en\/?post_type=post\" data-icon=\"\">VIEW ALL NEWS<\/a><\/div> <\/div><\/div><\/div>","protected":false},"excerpt":{"rendered":"<p>Derni\u00e8res actualit\u00e9s AFFICHER TOUTES LES ACTUALIT\u00c9S<\/p>","protected":false},"author":1,"featured_media":0,"parent":0,"menu_order":0,"comment_status":"closed","ping_status":"closed","template":"pro\/page-templates\/full-width-page.php","meta":[],"aioseo_notices":[],"_links":{"self":[{"href":"https:\/\/gymaddict.fr\/en\/wp-json\/wp\/v2\/pages\/457"}],"collection":[{"href":"https:\/\/gymaddict.fr\/en\/wp-json\/wp\/v2\/pages"}],"about":[{"href":"https:\/\/gymaddict.fr\/en\/wp-json\/wp\/v2\/types\/page"}],"author":[{"embeddable":true,"href":"https:\/\/gymaddict.fr\/en\/wp-json\/wp\/v2\/users\/1"}],"replies":[{"embeddable":true,"href":"https:\/\/gymaddict.fr\/en\/wp-json\/wp\/v2\/comments?post=457"}],"version-history":[{"count":11,"href":"https:\/\/gymaddict.fr\/en\/wp-json\/wp\/v2\/pages\/457\/revisions"}],"predecessor-version":[{"id":1420,"href":"https:\/\/gymaddict.fr\/en\/wp-json\/wp\/v2\/pages\/457\/revisions\/1420"}],"wp:attachment":[{"href":"https:\/\/gymaddict.fr\/en\/wp-json\/wp\/v2\/media?parent=457"}],"curies":[{"name":"wp","href":"https:\/\/api.w.org\/{rel}","templated":true}]}}