{"id":465,"date":"2019-03-03T18:52:16","date_gmt":"2019-03-03T17:52:16","guid":{"rendered":"http:\/\/s792608217.onlinehome.fr\/?page_id=465"},"modified":"2026-01-13T17:45:58","modified_gmt":"2026-01-13T16:45:58","slug":"les-cours","status":"publish","type":"page","link":"https:\/\/gymaddict.fr\/en\/les-cours\/","title":{"rendered":"The courses"},"content":{"rendered":"<div  data-label=\"Cours\" data-id=\"features--5\" data-export-id=\"features-16\" data-category=\"features\" class=\"features-16 content-section content-section-spacing\" id=\"cours\" style=\"background-color: rgb(255, 255, 255); background-image: none;\"><div  class=\"gridContainer\"> <div  class=\"row text-center\"><div  class=\"section-title-col\" data-type=\"column\">  <\/div> <\/div> <div  class=\"row spaced-cols\" data-type=\"row\"> <div  class=\"col-xs-12 col-sm-6 space-bottom col-md-4\"> <img  decoding=\"async\" class=\"face\" src=\"https:\/\/gymaddict.fr\/wp-content\/uploads\/2026\/01\/cropped-Body-Sculpt-scaled-1.jpg\" alt=\"\" title=\"Body Sculpt\"> <div  data-type=\"column\" class=\"col-padding-small col-padding-small-xs description-container\"> <h4  class=\"font-500\" data-gramm=\"false\"><span  style=\"color: rgb(10, 1, 1);\">BODY SCULPT<\/span><\/h4> <p  class=\"\" data-gramm=\"false\"><span  style=\"color: rgb(0, 0, 0);\">C\u2019est un cours de renforcement musculaire en groupe o\u00f9 vous utilisez une barre et des poids pour solliciter tous les principaux groupes musculaires.  Adapt\u00e9 \u00e0 tous les niveaux, ce cours vous permet de tonifier, de sculpter votre corps et de br\u00fbler des calories efficacement.<\/span><\/p> <\/div> <\/div> <div  class=\"col-xs-12 col-sm-6 space-bottom col-md-4\"> <img  decoding=\"async\" class=\"face\" src=\"https:\/\/gymaddict.fr\/wp-content\/uploads\/2026\/01\/cropped-Flow-Balance-scaled-1.jpg\" alt=\"\" title=\"Flow Balance\"> <div  data-type=\"column\" class=\"col-padding-small col-padding-small-xs description-container\"> <h4  class=\"font-500\" data-lt-tmp-id=\"lt-441804\" data-gramm=\"false\"><span  style=\"color: rgb(10, 1, 1);\">FLOW BALANCE<\/span><\/h4> <p  class=\"\" data-gramm=\"false\"><span  style=\"color: rgb(0, 0, 0);\">Ce cours combine des \u00e9l\u00e9ments de yoga, de Pilates et de danse pour am\u00e9liorer votre \u00e9quilibre, votre coordination et votre flexibilit\u00e9. Vous r\u00e9aliserez des mouvements fluides et encha\u00een\u00e9s qui mettent l\u2019accent sur la conscience corporelle, la respiration et le contr\u00f4le.<\/span><\/p> <\/div> <\/div> <div  class=\"col-xs-12 col-sm-6 space-bottom col-md-4\"> <img  decoding=\"async\" class=\"face\" src=\"https:\/\/gymaddict.fr\/wp-content\/uploads\/2026\/01\/cropped-Combo-Fit-scaled-1.jpg\" alt=\"\" title=\"Combo Fit\"> <div  data-type=\"column\" class=\"col-padding-small col-padding-small-xs description-container\"> <h4  class=\"font-500\" data-gramm=\"false\"><span  style=\"color: rgb(10, 1, 1);\">COMBO FIT<\/span><\/h4> <p  class=\"\" data-gramm=\"false\"><span  style=\"color: rgb(0, 0, 0);\">Ce cours unique vous permettra de br\u00fbler des calories, de tonifier vos muscles et d\u2019am\u00e9liorer votre condition physique g\u00e9n\u00e9rale. Attendez-vous \u00e0 un entra\u00eenement vari\u00e9 et motivant qui vous aidera \u00e0 atteindre vos objectifs !<\/span><\/p> <\/div> <\/div><div  class=\"col-xs-12 col-sm-6 space-bottom col-md-4\"> <img  decoding=\"async\" class=\"face\" src=\"https:\/\/gymaddict.fr\/wp-content\/uploads\/2026\/01\/cropped-RPM-scaled-1.jpg\" alt=\"\" title=\"RPM\"> <div  data-type=\"column\" class=\"col-padding-small col-padding-small-xs description-container\"> <h4  class=\"font-500\"><span  style=\"color: rgb(10, 1, 1);\">RPM<\/span><\/h4> <p  class=\"\"><span  style=\"color: rgb(52, 58, 64);\">The RPM\u2122 indoor cycling classes set to the rhythm of motivating music.<\/span><br ><span  style=\"color: rgb(52, 58, 64);\">\nImprove your aerobic capacity.<\/span><br ><span  style=\"color: rgb(52, 58, 64);\">\nBurn calories and fat while perfectly controlling the intensity of the class at your level.<\/span><\/p> <\/div> <\/div><div  class=\"col-xs-12 col-sm-6 space-bottom col-md-4\"> <img  decoding=\"async\" class=\"face\" src=\"https:\/\/gymaddict.fr\/wp-content\/uploads\/2026\/01\/cropped-Body-Sculpt-scaled-1.jpg\" alt=\"\" title=\"Body Sculpt\"> <div  data-type=\"column\" class=\"col-padding-small col-padding-small-xs description-container\"> <h4  class=\"font-500\" data-gramm=\"false\"><font  color=\"#0a0101\"><span  style=\"caret-color: rgb(10, 1, 1);\">COMBO STEP<\/span><\/font><\/h4> <p  class=\"\"><span  style=\"color: rgb(0, 0, 0);\">Cours de fitness dynamique con\u00e7u pour am\u00e9liorer votre endurance cardiovasculaire et br\u00fbler des calories. Adapt\u00e9 \u00e0 tous les niveaux de condition physique, ce cours vous apportera \u00e9nergie, vitalit\u00e9 et une sensation de bien-\u00eatre g\u00e9n\u00e9ral.<\/span><\/p> <\/div> <\/div><div  class=\"col-xs-12 col-sm-6 space-bottom col-md-4\"> <img  decoding=\"async\" class=\"face\" src=\"https:\/\/gymaddict.fr\/wp-content\/uploads\/2026\/01\/cropped-Stretching-2-scaled-1.jpg\" alt=\"\" title=\"Stretching-2\"> <div  data-type=\"column\" class=\"col-padding-small col-padding-small-xs description-container\"> <h4  class=\"font-500\"><span  style=\"color: rgb(10, 1, 1);\">THIGH ABDO BUTTOCKS<\/span><\/h4> <p  class=\"\"><span  style=\"color: rgb(52, 58, 64);\">THIGH ABDO BUTTOCKS\u201d is a group class that strengthens and tones the core and lower body.<\/span><br ><span  style=\"color: rgb(52, 58, 64);\">\nThe abdominal belt (stomach and waist), buttocks and legs are all involved.<\/span><\/p> <\/div> <\/div><div  class=\"col-xs-12 col-sm-6 space-bottom col-md-4\"> <img  decoding=\"async\" class=\"face\" src=\"https:\/\/gymaddict.fr\/wp-content\/uploads\/2026\/01\/cropped-Pilates-scaled-1.jpg\" alt=\"\" title=\"Pilates\"> <div  data-type=\"column\" class=\"col-padding-small col-padding-small-xs description-container\"> <h4  class=\"font-500\"><span  style=\"color: rgb(10, 1, 1);\">PILATES<\/span><\/h4> <p  class=\"\" data-lt-tmp-id=\"lt-677274\" data-gramm=\"false\"><span  style=\"color: rgb(52, 58, 64); font-family: Roboto, arial, helvetica, sans-serif;\">Pilates is a gentle form of body gymnastics based on a series of postural exercises. These exercises are designed to optimize the use of our visible muscles and improve body alignment.<\/span><\/p> <img  decoding=\"async\" class=\"custom-image\" src=\"https:\/\/gymaddict.fr\/wp-content\/uploads\/2026\/01\/cropped-Stretching-2-scaled-1.jpg\" title=\"Stretching-2\" alt=\"\"><h4  class=\"\">STRETCHING<\/h4><h6  class=\"\" data-lt-tmp-id=\"lt-912651\" data-gramm=\"false\"><span  id=\"_mce_caret\" data-mce-bogus=\"1\" data-mce-type=\"format-caret\"><span  style=\"font-weight: 400;\">Cette s\u00e9ance est d\u00e9di\u00e9e \u00e0 l\u2019am\u00e9lioration de la flexibilit\u00e9 et \u00e0 la r\u00e9duction des tensions musculaires.  Le stretching contribue \u00e9galement \u00e0 r\u00e9duire le risque de blessures.<\/span><\/span><\/h6><\/div> <\/div><div  class=\"col-xs-12 col-sm-6 space-bottom col-md-4\"> <img  decoding=\"async\" class=\"face\" src=\"https:\/\/gymaddict.fr\/wp-content\/uploads\/2026\/01\/cropped-Ceremony-scaled-1.jpg\" alt=\"\" title=\"Ceremony\"> <div  data-type=\"column\" class=\"col-padding-small col-padding-small-xs description-container\"> <h4  class=\"font-500\"><span  style=\"color: rgb(10, 1, 1);\">CEREMONY<\/span><\/h4> <p  class=\"\"><span  class=\"a_GcMg font-feature-liga-off font-feature-clig-off font-feature-calt-off text-decoration-none text-strikethrough-none\" style=\"color: rgb(33, 29, 29); caret-color: rgb(33, 29, 29); font-kerning: none;\">Un entra\u00eenement en circuit novateur qui combine des mouvements fonctionnels, des exercices de force et des d\u00e9fis cardio pour une exp\u00e9rience compl\u00e8te et stimulante. Attendez-vous \u00e0 un entra\u00eenement dynamique et vari\u00e9, avec des options pour tous les niveaux, le tout dans une ambiance motivante et collective.<\/span><\/p><img  decoding=\"async\" class=\"custom-image\" src=\"https:\/\/gymaddict.fr\/wp-content\/uploads\/2026\/01\/cropped-Zumba-scaled-1.jpg\" title=\"Zumba\" alt=\"\"> <h4  class=\"\">TOTAL BODY<\/h4><h6  class=\"\"><span  style=\"font-weight: 400; font-family: Roboto, arial, helvetica, sans-serif;\">Ce cours complet sollicite tous les groupes musculaires \u00e0 travers une vari\u00e9t\u00e9 d\u2019exercices.  L\u2019objectif est de renforcer l\u2019ensemble du corps, d\u2019am\u00e9liorer votre condition physique g\u00e9n\u00e9rale et de br\u00fbler des calories.<\/span><span  id=\"_mce_caret\" data-mce-bogus=\"1\" data-mce-type=\"format-caret\"><span  style=\"font-weight: 400; font-family: Roboto, arial, helvetica, sans-serif;\"><\/span><\/span><\/h6><\/div> <\/div><div  class=\"col-xs-12 col-sm-6 space-bottom col-md-4\"> <img  decoding=\"async\" class=\"face\" src=\"https:\/\/gymaddict.fr\/wp-content\/uploads\/2024\/07\/cropped-cropped-DSC_4503-1.jpg\" alt=\"\" title=\"cropped-cropped-DSC_4503-1.jpg\"> <div  data-type=\"column\" class=\"col-padding-small col-padding-small-xs description-container\"> <h4  class=\"font-500\"><span  style=\"color: rgb(10, 1, 1);\">ZUMBA<\/span><\/h4> <p  class=\"\" data-lt-tmp-id=\"lt-160404\" data-gramm=\"false\"><span  style=\"color: rgb(0, 0, 0);\">La Zumba est un cours de danse-fitness qui combine des mouvements de diff\u00e9rents styles de danse latine (salsa, merengue, reggaeton, etc.). Vous suivrez les pas de l\u2019instructeur sur des rythmes entra\u00eenants, en vous amusant et en br\u00fblant des calories.<\/span><\/p> <\/div> <\/div><\/div> <\/div><\/div>","protected":false},"excerpt":{"rendered":"<p>BODY SCULPT C\u2019est un cours de renforcement musculaire en groupe o\u00f9 vous utilisez une barre et des poids pour solliciter tous les principaux groupes musculaires. Adapt\u00e9 \u00e0 tous les niveaux, ce cours vous permet de tonifier, de sculpter votre corps et de br\u00fbler des calories efficacement. FLOW BALANCE Ce cours combine des \u00e9l\u00e9ments de yoga,&hellip; <br \/> <a class=\"read-more\" href=\"https:\/\/gymaddict.fr\/en\/les-cours\/\">Read more<\/a><\/p>","protected":false},"author":1,"featured_media":0,"parent":0,"menu_order":0,"comment_status":"closed","ping_status":"closed","template":"pro\/page-templates\/full-width-page.php","meta":[],"aioseo_notices":[],"_links":{"self":[{"href":"https:\/\/gymaddict.fr\/en\/wp-json\/wp\/v2\/pages\/465"}],"collection":[{"href":"https:\/\/gymaddict.fr\/en\/wp-json\/wp\/v2\/pages"}],"about":[{"href":"https:\/\/gymaddict.fr\/en\/wp-json\/wp\/v2\/types\/page"}],"author":[{"embeddable":true,"href":"https:\/\/gymaddict.fr\/en\/wp-json\/wp\/v2\/users\/1"}],"replies":[{"embeddable":true,"href":"https:\/\/gymaddict.fr\/en\/wp-json\/wp\/v2\/comments?post=465"}],"version-history":[{"count":31,"href":"https:\/\/gymaddict.fr\/en\/wp-json\/wp\/v2\/pages\/465\/revisions"}],"predecessor-version":[{"id":1830,"href":"https:\/\/gymaddict.fr\/en\/wp-json\/wp\/v2\/pages\/465\/revisions\/1830"}],"wp:attachment":[{"href":"https:\/\/gymaddict.fr\/en\/wp-json\/wp\/v2\/media?parent=465"}],"curies":[{"name":"wp","href":"https:\/\/api.w.org\/{rel}","templated":true}]}}