{"id":466,"date":"2019-03-03T18:52:16","date_gmt":"2019-03-03T17:52:16","guid":{"rendered":"http:\/\/s792608217.onlinehome.fr\/?page_id=466"},"modified":"2025-08-22T12:05:32","modified_gmt":"2025-08-22T10:05:32","slug":"lequipe","status":"publish","type":"page","link":"https:\/\/gymaddict.fr\/en\/lequipe\/","title":{"rendered":"The Team"},"content":{"rendered":"<div  data-label=\"Team\" data-id=\"team--1\" data-export-id=\"team-1\" data-category=\"team\" class=\"team-1 content-section content-section-spacing\" id=\"team-1\" style=\"background-color: rgb(255, 255, 255);\"><div  class=\"gridContainer\"> <div  class=\"row text-center\"><div  class=\"section-title-col\" data-type=\"column\">  <p  class=\"lead\" data-lt-tmp-id=\"lt-698503\" data-gramm=\"false\"><\/p><\/div> <\/div> <div  class=\"row spaced-cols center-sm content-center-sm\" data-type=\"row\">    <div  class=\"col-xs-12 col-sm-6 col-md-4\"> <div  class=\"card bottom-border-color1 no-padding no-shadow\"> <img  decoding=\"async\" class=\"face\" src=\"https:\/\/gymaddict.fr\/wp-content\/uploads\/2024\/03\/cropped-IMG_7281.jpg\" alt=\"\" title=\"cropped-IMG_7281.jpg\"> <div  data-type=\"column\" class=\"col-padding-small col-padding-small-xs description-container\"> <h4  class=\"font-500\">Olac TADJER<\/h4> <p  class=\"small\" style=\"font-style: italic;\"><span  style=\"color: rgb(52, 58, 64);\">BE&nbsp; HACUMESE<br ><br >Manager, TRX Instructor, Weightlifting, Bodybuilding, Physical preparation<\/span><\/p> <div  class=\"social-icons-group\" data-type=\"group\"> <a href=\"\/\/www.facebook.com\/Olac.Coach\" target=\"_self\" rel=\"noopener noreferrer\" class=\"\"><i  class=\"fa icon fa-facebook-square color2\"><\/i><\/a> <a href=\"http:\/\/s792608217.onlinehome.fr\/lequipe?hl=fr#https:\/\/www.instagram.com\/olac_coach_gym_addict\/?hl=fr\" target=\"_self\" rel=\"noopener noreferrer\" class=\"\"><i  class=\"fa icon fa-instagram color2\"><\/i><\/a> <a href=\"#\" target=\"_self\" data-reiki-hidden=\"true\" rel=\"noopener noreferrer\"><i  class=\"fa icon fa-linkedin-square gray\"><\/i><\/a> <a href=\"#\" target=\"_self\" data-reiki-hidden=\"true\" rel=\"noopener noreferrer\"><i  class=\"fa icon fa-google-plus-square gray\"><\/i><\/a><\/div> <\/div><\/div> <\/div>    <div  class=\"col-xs-12 col-sm-6 col-md-4\"> <div  class=\"card bottom-border-color1 no-padding no-shadow\"> <img  decoding=\"async\" class=\"face\" src=\"https:\/\/gymaddict.fr\/wp-content\/uploads\/2024\/03\/cropped-IMG_7293.jpg\" alt=\"\" title=\"cropped-IMG_7293.jpg\"> <div  data-type=\"column\" class=\"col-padding-small col-padding-small-xs description-container\"> <h4  class=\"font-500\"><font  color=\"#0a0101\"><span  style=\"caret-color: rgb(10, 1, 1);\">Jonathan GILLARD<\/span><\/font><\/h4> <p  class=\"small\" style=\"font-style: italic;\" data-lt-tmp-id=\"lt-348605\" data-gramm=\"false\"><span  style=\"color: rgb(52, 58, 64);\">Licence STAPS \u2013 APAS\n<br >Specials: Fitness, Bodybuilding maintenance<br ><br >LES MILLS \/ ZUMBA coach<br >BODY COMBAT \u2013 BODYBALANCE\n<br >SH\u2019BAM- COMBO FIT<\/span><\/p> <div  class=\"social-icons-group\" data-type=\"group\"> <a href=\"\/\/www.facebook.com\/myadanse.myastyle\" target=\"_self\" rel=\"noopener noreferrer\" class=\"\"><i  class=\"fa icon fa-facebook-square color2\"><\/i><\/a> <a href=\"#\" target=\"_self\" data-reiki-hidden=\"true\" rel=\"noopener noreferrer\"><i  class=\"fa icon fa-twitter-square gray\"><\/i><\/a> <a href=\"#\" target=\"_self\" data-reiki-hidden=\"true\" rel=\"noopener noreferrer\"><i  class=\"fa icon fa-linkedin-square gray\"><\/i><\/a> <a href=\"#\" target=\"_self\" data-reiki-hidden=\"true\" rel=\"noopener noreferrer\"><i  class=\"fa icon fa-google-plus-square gray\"><\/i><\/a><\/div> <\/div><\/div> <\/div><div  class=\"col-xs-12 col-sm-6 col-md-4\"> <div  class=\"card bottom-border-color1 no-padding no-shadow\"> <img  decoding=\"async\" class=\"face\" src=\"https:\/\/gymaddict.fr\/wp-content\/uploads\/2024\/02\/cropped-pohoto-nat.png\" alt=\"\" title=\"cropped-pohoto-nat.png\"> <div  data-type=\"column\" class=\"col-padding-small col-padding-small-xs description-container\"> <h4  class=\"font-500\">Nathalie TRINCHERO<\/h4> <p  class=\"small\" style=\"font-style: italic;\" data-lt-tmp-id=\"lt-540183\" data-gramm=\"false\"><span  style=\"color: rgb(52, 58, 64);\">Brevet des m\u00e9tiers de la forme bodybuilding and group classes \n<br ><br >Specialities: PILATES and LES MILLS concepts Bodybalance\/ Bodypump\/ RPM\/ Bodyattack\/ Bodystep\/ Core\/ Tone<\/span><\/p> <div  class=\"social-icons-group\" data-type=\"group\"> <a href=\"https:\/\/gymaddict.fr\/en\/lequipe\/\" target=\"_self\" rel=\"noopener noreferrer\" class=\"\" data-reiki-hidden=\"true\"><i  class=\"fa icon fa-facebook-square color2\"><\/i><\/a> <a href=\"#\" target=\"_self\" data-reiki-hidden=\"true\" rel=\"noopener noreferrer\"><i  class=\"fa icon fa-twitter-square gray\"><\/i><\/a> <a href=\"#\" target=\"_self\" data-reiki-hidden=\"true\" rel=\"noopener noreferrer\"><i  class=\"fa icon fa-linkedin-square gray\"><\/i><\/a> <a href=\"#\" target=\"_self\" data-reiki-hidden=\"true\" rel=\"noopener noreferrer\"><i  class=\"fa icon fa-google-plus-square gray\"><\/i><\/a><\/div> <\/div><\/div> <\/div><div  class=\"col-xs-12 col-sm-6 col-md-4\"> <div  class=\"card bottom-border-color1 no-padding no-shadow\"> <img  decoding=\"async\" class=\"face\" src=\"https:\/\/gymaddict.fr\/wp-content\/uploads\/2024\/07\/cropped-IMG_0858.png\" alt=\"\" title=\"cropped-IMG_0858.png\"> <div  data-type=\"column\" class=\"col-padding-small col-padding-small-xs description-container\"> <h4  class=\"font-500\" data-lt-tmp-id=\"lt-32029\" data-gramm=\"false\">Jean-Paul TRILLES<\/h4> <p  class=\"small\" style=\"font-style: italic;\" data-lt-tmp-id=\"lt-867002\" data-gramm=\"false\"><font  color=\"#343a40\"><span  style=\"caret-color: rgb(52, 58, 64);\">Dipl\u00f4m\u00e9 d\u2019\u00c9tat\n<br >Owner and manager<\/span><\/font><\/p> <div  class=\"social-icons-group\" data-type=\"group\"> <a href=\"\/\/www.facebook.com\/capcamaratplongee\" target=\"_self\" rel=\"noopener noreferrer\" class=\"\"><i  class=\"fa icon fa-facebook-square color2\"><\/i><\/a> <a href=\"#\" target=\"_self\" data-reiki-hidden=\"true\" rel=\"noopener noreferrer\"><i  class=\"fa icon fa-twitter-square gray\"><\/i><\/a> <a href=\"#\" target=\"_self\" data-reiki-hidden=\"true\" rel=\"noopener noreferrer\"><i  class=\"fa icon fa-linkedin-square gray\"><\/i><\/a> <a href=\"#\" target=\"_self\" data-reiki-hidden=\"true\" rel=\"noopener noreferrer\"><i  class=\"fa icon fa-google-plus-square gray\"><\/i><\/a><\/div> <\/div><\/div> <\/div><div  class=\"col-xs-12 col-sm-6 col-md-4\"> <div  class=\"card bottom-border-color1 no-padding no-shadow\"> <img  decoding=\"async\" class=\"face\" src=\"https:\/\/gymaddict.fr\/wp-content\/uploads\/2024\/02\/cropped-Photo-alexandre.png\" alt=\"\" title=\"cropped-Photo-alexandre.png\"> <div  data-type=\"column\" class=\"col-padding-small col-padding-small-xs description-container\"> <h4  class=\"font-500\">Alexandre MONTANT<\/h4>   <h6  class=\"\" data-lt-tmp-id=\"lt-161613\" data-gramm=\"false\"><span  style=\"font-style: italic; font-weight: 400;\">CQP ALS AGEE, Dipl\u00f4me d'Etat, pilates diploma<\/span><span  id=\"_mce_caret\" data-mce-bogus=\"1\" data-mce-type=\"format-caret\"><span  style=\"font-weight: 400; font-style: italic;\"><\/span><\/span><\/h6><div  class=\"social-icons-group\" data-type=\"group\"> <a href=\"\/\/www.facebook.com\/Olac.Coach\" target=\"_self\" rel=\"noopener noreferrer\" class=\"\"><i  class=\"fa icon fa-facebook-square color2\"><\/i><\/a> <a href=\"http:\/\/s792608217.onlinehome.fr\/lequipe?hl=fr#https:\/\/www.instagram.com\/olac_coach_gym_addict\/?hl=fr\" target=\"_self\" rel=\"noopener noreferrer\" class=\"\"><i  class=\"fa icon fa-instagram color2\"><\/i><\/a> <a href=\"#\" target=\"_self\" data-reiki-hidden=\"true\" rel=\"noopener noreferrer\"><i  class=\"fa icon fa-linkedin-square gray\"><\/i><\/a> <a href=\"#\" target=\"_self\" data-reiki-hidden=\"true\" rel=\"noopener noreferrer\"><i  class=\"fa icon fa-google-plus-square gray\"><\/i><\/a><\/div><\/div><\/div> <\/div><\/div> <\/div><\/div>","protected":false},"excerpt":{"rendered":"<p>Olac TADJER BE&nbsp; HACUMESEManageur, Instructeur TRX, Halt\u00e9rophilie, Culturisme, Pr\u00e9paration physique Jonathan GILLARD Licence STAPS \u2013 APAS Sp\u00e9 : Remise en Forme, Entretien MusculationInstructeur LES MILLS \/ ZUMBABODY COMBAT \u2013 BODYBALANCE SH\u2019BAM- COMBO FIT Nathalie TRINCHERO Brevet des m\u00e9tiers de la forme musculation et cours collectifs Sp\u00e9cialit\u00e9s : PILATES et concepts LES MILLS Bodybalance\/ &nbsp;Bodypump\/ RPM\/&hellip; <br \/> <a class=\"read-more\" href=\"https:\/\/gymaddict.fr\/en\/lequipe\/\">Read more<\/a><\/p>","protected":false},"author":1,"featured_media":0,"parent":0,"menu_order":0,"comment_status":"closed","ping_status":"closed","template":"pro\/page-templates\/full-width-page.php","meta":[],"aioseo_notices":[],"_links":{"self":[{"href":"https:\/\/gymaddict.fr\/en\/wp-json\/wp\/v2\/pages\/466"}],"collection":[{"href":"https:\/\/gymaddict.fr\/en\/wp-json\/wp\/v2\/pages"}],"about":[{"href":"https:\/\/gymaddict.fr\/en\/wp-json\/wp\/v2\/types\/page"}],"author":[{"embeddable":true,"href":"https:\/\/gymaddict.fr\/en\/wp-json\/wp\/v2\/users\/1"}],"replies":[{"embeddable":true,"href":"https:\/\/gymaddict.fr\/en\/wp-json\/wp\/v2\/comments?post=466"}],"version-history":[{"count":33,"href":"https:\/\/gymaddict.fr\/en\/wp-json\/wp\/v2\/pages\/466\/revisions"}],"predecessor-version":[{"id":1761,"href":"https:\/\/gymaddict.fr\/en\/wp-json\/wp\/v2\/pages\/466\/revisions\/1761"}],"wp:attachment":[{"href":"https:\/\/gymaddict.fr\/en\/wp-json\/wp\/v2\/media?parent=466"}],"curies":[{"name":"wp","href":"https:\/\/api.w.org\/{rel}","templated":true}]}}