{"id":580,"date":"2019-03-08T22:44:07","date_gmt":"2019-03-08T21:44:07","guid":{"rendered":"http:\/\/s792608217.onlinehome.fr\/?page_id=580"},"modified":"2024-07-08T19:23:54","modified_gmt":"2024-07-08T17:23:54","slug":"coaching","status":"publish","type":"page","link":"https:\/\/gymaddict.fr\/en\/coaching\/","title":{"rendered":"Coaching"},"content":{"rendered":"<div  data-label=\"Training en groupe\" data-id=\"content--4\" data-export-id=\"content-16\" data-category=\"content\" class=\"content-16 content-section content-section-spacing\" id=\"training-en-groupe\" style=\"background-color: rgb(255, 255, 255); background-image: none;\"><div  class=\"gridContainer\"> <div  class=\"row middle-sm\"><div  class=\"col-sm-6 space-bottom-xs\" data-type=\"column\"> <h2  class=\"\">Group training<\/h2> <p  class=\"\"><span  style=\"color: rgb(10, 1, 1);\">In small groups of no more than 8 people, you'll benefit from training sessions with a coach using proven and innovative methods.<\/span><br ><span  style=\"color: rgb(10, 1, 1);\">\nThanks to the emulation of the group, training becomes simpler, safer, more effective and allows you to step out of your comfort zone.<\/span><br ><span  style=\"color: rgb(10, 1, 1);\">\nThe short format guarantees maximum results in minimum time.<\/span><\/p> <\/div> <div  class=\"col-sm-6 flexbox around-xs top-xs space-top-xs space-bottom-xs\"><div  class=\"overlay-box flexbox middle-xs center-xs overlay-holder\"> <div  class=\"overlay-box-offset offset-border shadow-medium border-color2 hide-xs\"><\/div> <img decoding=\"async\"  class=\"flexbox shadow-large img1\" data-size=\"500x500\" src=\"https:\/\/gymaddict.fr\/wp-content\/uploads\/2024\/07\/cropped-DSC_4503.jpg\" alt=\"\" title=\"cropped-DSC_4503.jpg\"><\/div> <\/div><\/div> <\/div><\/div><div  data-label=\"Coaching Prive\" data-id=\"content--5\" data-export-id=\"content-15\" data-category=\"content\" class=\"content-15 content-section content-section-spacing slick_carbon\" id=\"coaching-prive\"><div  class=\"gridContainer\"> <div  class=\"row middle-sm\"><div  class=\"col-sm-6 flexbox around-xs top-xs space-bottom-xs space-top-xs\"> <div  class=\"overlay-box flexbox middle-xs center-xs overlay-holder\"><div  class=\"overlay-box-offset offset-border shadow-medium border-color2 hide-xs\"><\/div> <img decoding=\"async\"  class=\"flexbox shadow-large img1\" data-size=\"500x500\" src=\"https:\/\/gymaddict.fr\/wp-content\/uploads\/2024\/07\/cropped-DSC_4864-scaled-1.jpg\" alt=\"\" title=\"DSC_4864\"><\/div> <\/div> <div  class=\"col-sm-6\" data-type=\"column\"> <h2  class=\"\"><span  style=\"color: rgb(255, 255, 255);\">Private coaching<\/span><\/h2> <p  class=\"\"><span  style=\"color: rgb(255, 255, 255);\">With the aim of guiding you and accelerating your sporting performance, a team of qualified and experienced coaches will accompany you and offer you a tailor-made service to suit your wishes and schedule.<\/span><\/p> <\/div> <\/div><\/div> <\/div>","protected":false},"excerpt":{"rendered":"<p>Training en groupe En petit groupe de 8 personnes maximum, vous b\u00e9n\u00e9fierez de s\u00e9ances d\u2019entrainement avec un coach selon des m\u00e9thodes \u00e9prouv\u00e9es et innovantes. Gr\u00e2ce \u00e0 l\u2019\u00e9mulation du groupe, l\u2019entra\u00eenement devient plus simple, plus s\u00fbr, plus efficace et vous permet de sortir de votre zone de confort. Le format court vous garantit un maximum de&hellip; <br \/> <a class=\"read-more\" href=\"https:\/\/gymaddict.fr\/en\/coaching\/\">Read more<\/a><\/p>","protected":false},"author":1,"featured_media":0,"parent":0,"menu_order":0,"comment_status":"closed","ping_status":"closed","template":"pro\/page-templates\/full-width-page.php","meta":[],"aioseo_notices":[],"_links":{"self":[{"href":"https:\/\/gymaddict.fr\/en\/wp-json\/wp\/v2\/pages\/580"}],"collection":[{"href":"https:\/\/gymaddict.fr\/en\/wp-json\/wp\/v2\/pages"}],"about":[{"href":"https:\/\/gymaddict.fr\/en\/wp-json\/wp\/v2\/types\/page"}],"author":[{"embeddable":true,"href":"https:\/\/gymaddict.fr\/en\/wp-json\/wp\/v2\/users\/1"}],"replies":[{"embeddable":true,"href":"https:\/\/gymaddict.fr\/en\/wp-json\/wp\/v2\/comments?post=580"}],"version-history":[{"count":15,"href":"https:\/\/gymaddict.fr\/en\/wp-json\/wp\/v2\/pages\/580\/revisions"}],"predecessor-version":[{"id":1708,"href":"https:\/\/gymaddict.fr\/en\/wp-json\/wp\/v2\/pages\/580\/revisions\/1708"}],"wp:attachment":[{"href":"https:\/\/gymaddict.fr\/en\/wp-json\/wp\/v2\/media?parent=580"}],"curies":[{"name":"wp","href":"https:\/\/api.w.org\/{rel}","templated":true}]}}