{"id":585,"date":"2019-03-08T22:47:58","date_gmt":"2019-03-08T21:47:58","guid":{"rendered":"http:\/\/s792608217.onlinehome.fr\/?page_id=585"},"modified":"2021-06-08T08:59:54","modified_gmt":"2021-06-08T06:59:54","slug":"notre-salle","status":"publish","type":"page","link":"https:\/\/gymaddict.fr\/en\/notre-salle\/","title":{"rendered":"Our gym"},"content":{"rendered":"<div  data-label=\"Counters\" data-id=\"counters--1\" data-export-id=\"counters-2\" data-category=\"counters\" class=\"counters-2 content-section content-section-spacing\" id=\"counters-1\" style=\"background-color: rgb(255, 255, 255); background-image: none;\"><div  class=\"gridContainer\"> <div  class=\"row text-center\"><div  class=\"section-title-col\" data-type=\"column\">  <\/div> <\/div> <div  class=\"row\" data-type=\"row\"> <div  class=\"col-xs-12 col-sm-4 text-center space-bottom\"> <i  class=\"fa icon fa-bicycle color2\"><\/i> <h3  class=\"font-400\" data-min=\"0\" data-max=\" 12\" data-duration=\"3000\" data-prefix=\"+\" data-suffix=\"\" data-countup=\"true\" style=\"display: inline-block;\"><\/h3> <h5  class=\"upper color2\">COURS DIFF\u00c9RENTS<\/h5><\/div> <div  class=\"col-xs-12 col-sm-4 text-center space-bottom\"><i  class=\"fa icon fa-smile-o color2\"><\/i> <h3  class=\"font-400\" data-min=\"0\" data-max=\"350\" data-duration=\"4000\" data-prefix=\"+\" data-suffix=\"\" data-countup=\"true\" style=\"display: inline-block;\"><\/h3> <h5  class=\"upper color2\">clients SATISFAITS<\/h5><\/div> <div  class=\"col-xs-12 col-sm-4 text-center space-bottom\"><i  class=\"fa icon fa-address-card color2\"><\/i> <h3  class=\"font-400\" data-min=\"0\" data-max=\"4\" data-duration=\"2000\" data-prefix=\"\" data-suffix=\"\" data-countup=\"true\" style=\"display: inline-block;\"><\/h3> <h5  class=\"upper color2\">COACHS<\/h5><\/div> <\/div><\/div> <\/div><div  data-label=\"Overlappable\" data-id=\"overlappable--1\" data-export-id=\"overlappable-3\" data-category=\"overlappable\" class=\"overlappable-3 content-section content-section-spacing\" data-overlap=\"true\" id=\"overlappable-1\" style=\"background-color: rgb(255, 255, 255);\"><div  class=\"gridContainer\"> <div  class=\"row bg-color-white shadow-medium\"><div  class=\"col-xs-12 col-sm-6 image-col first-image-col\" data-bg=\"image\" style=\"background-image: url(&quot;https:\/\/gymaddict.fr\/wp-content\/uploads\/2019\/04\/cropped-High-Res-JPG-22-3.jpg&quot;);\"><\/div> <div  class=\"col-xs-12 col-sm-6 content-col col-padding col-padding-xs\"> <div  class=\"col-padding\" data-type=\"column\"> <h4  class=\"\">LES COURS<\/h4> <p  class=\"\"><span  style=\"color: rgb(60, 66, 79);\">Suivez un de nos 12 cours collectifs actuellement disponible dans votre salle de sport. En petit groupe, vous b\u00e9n\u00e9fierez de s\u00e9ances d\u2019entrainement avec un coach selon des m\u00e9thodes \u00e9prouv\u00e9es et innovantes. Un format m\u00e9langeant challenge et convivialit\u00e9 pour les plus motiv\u00e9es d\u2019entre vous !&nbsp;<\/span><\/p> <a class=\"button color2\" href=\"https:\/\/gymaddict.fr\/en\/les-cours\/\" target=\"_self\" data-cp-link=\"1\" data-icon=\"\" rel=\"noopener\">LES COURS<\/a><\/div> <\/div><\/div> <div  class=\"row bg-color-white shadow-medium\"><div  class=\"col-xs-12 col-sm-6 content-col col-padding col-padding-xs\"> <div  class=\"col-padding\" data-type=\"column\"><h4  class=\"\">L\u2019\u00c9QUIPE<\/h4> <p  class=\"\"><span  style=\"color: rgb(60, 66, 79);\">A votre disposition les meilleurs coachs de la r\u00e9gion pr\u00eats \u00e0 vous accompagner dans objectifs sportifs et nutritifs.\n<\/span><br ><span  style=\"color: rgb(60, 66, 79);\">Une \u00e9quipe avec des profils vari\u00e9s est \u00e0 votre disposition tout au long de votre abonnement pour vous aider \u00e0 vous d\u00e9passer.<\/span><\/p> <a class=\"button color2\" href=\"https:\/\/gymaddict.fr\/en\/lequipe\/\" target=\"_self\" data-cp-link=\"1\" data-icon=\"\" rel=\"noopener\">L\u2019\u00c9QUIPE<\/a><\/div> <\/div> <div  class=\"col-xs-12 col-sm-6 image-col second-image-col first-xs last-sm\" data-bg=\"image\" style=\"background-image: url(&quot;https:\/\/gymaddict.fr\/wp-content\/uploads\/2019\/03\/cropped-cropped-53075031_1254676774673091_1525475815494516736_o.jpg&quot;);\"><\/div> <\/div><\/div> <\/div><div  data-label=\"Overlappable\" data-id=\"overlappable--2\" data-export-id=\"overlappable-3\" data-category=\"overlappable\" class=\"overlappable-3 content-section content-section-spacing\" data-overlap=\"true\" id=\"overlappable-2\" style=\"background-color: rgb(255, 255, 255);\"><div  class=\"gridContainer\"> <div  class=\"row bg-color-white shadow-medium\"><div  class=\"col-xs-12 col-sm-6 image-col first-image-col\" data-bg=\"image\" style=\"background-image: url(&quot;https:\/\/gymaddict.fr\/wp-content\/uploads\/2019\/04\/cropped-High-Res-JPG-23-1.jpg&quot;);\"><\/div> <div  class=\"col-xs-12 col-sm-6 content-col col-padding col-padding-xs\"> <div  class=\"col-padding\" data-type=\"column\"> <h4  class=\"\">COACHING<\/h4> <p  class=\"\"><span  style=\"color: rgb(60, 66, 79);\">Parce que vous voulez d\u00e9passer vos limites ? Faites-vous accompagner et participer \u00e0 un entrainement sur-mesure s\u2019adaptant \u00e0 vos souhaits et \u00e0 vos agendas.<\/span><span  id=\"_mce_caret\" data-mce-bogus=\"1\" data-mce-type=\"format-caret\"><span  style=\"color: rgb(60, 66, 79);\">\n<br >Le meilleur moyen de voir les progr\u00e8s en un rien de temps !<\/span><\/span><\/p> <a class=\"button color2\" href=\"https:\/\/gymaddict.fr\/en\/coaching\/\" target=\"_self\" data-cp-link=\"1\" data-icon=\"\" rel=\"noopener\">COACHING<\/a><\/div> <\/div><\/div> <div  class=\"row bg-color-white shadow-medium\"><div  class=\"col-xs-12 col-sm-6 content-col col-padding col-padding-xs\"> <div  class=\"col-padding\" data-type=\"column\"><h4  class=\"\">IMAGES<\/h4> <p  class=\"\"><span  style=\"color: rgb(60, 66, 79);\">Retrouvez toutes les images de votre salle de sports ainsi que les photos prises au cours des diff\u00e9rents \u00e9v\u00e9nements pr\u00e9sents tout au long de l\u2019ann\u00e9e.<\/span><\/p> <a class=\"button color2\" href=\"https:\/\/gymaddict.fr\/en\/images\/\" target=\"_self\" data-cp-link=\"1\" data-icon=\"\" rel=\"noopener\">IMAGES<\/a><\/div> <\/div> <div  class=\"col-xs-12 col-sm-6 image-col second-image-col first-xs last-sm\" data-bg=\"image\" style=\"background-image: url(&quot;https:\/\/gymaddict.fr\/wp-content\/uploads\/2019\/03\/cropped-High-Res-JPG-11.jpg&quot;);\"><\/div> <\/div><\/div> <\/div>","protected":false},"excerpt":{"rendered":"<p>COURS DIFF\u00c9RENTS clients SATISFAITS COACHS LES COURS Suivez un de nos 12 cours collectifs actuellement disponible dans votre salle de sport. En petit groupe, vous b\u00e9n\u00e9fierez de s\u00e9ances d\u2019entrainement avec un coach selon des m\u00e9thodes \u00e9prouv\u00e9es et innovantes. Un format m\u00e9langeant challenge et convivialit\u00e9 pour les plus motiv\u00e9es d\u2019entre vous !&nbsp; LES COURS L\u2019\u00c9QUIPE A&hellip; <br \/> <a class=\"read-more\" href=\"https:\/\/gymaddict.fr\/en\/notre-salle\/\">Read more<\/a><\/p>","protected":false},"author":1,"featured_media":0,"parent":0,"menu_order":0,"comment_status":"closed","ping_status":"closed","template":"pro\/page-templates\/full-width-page.php","meta":[],"aioseo_notices":[],"_links":{"self":[{"href":"https:\/\/gymaddict.fr\/en\/wp-json\/wp\/v2\/pages\/585"}],"collection":[{"href":"https:\/\/gymaddict.fr\/en\/wp-json\/wp\/v2\/pages"}],"about":[{"href":"https:\/\/gymaddict.fr\/en\/wp-json\/wp\/v2\/types\/page"}],"author":[{"embeddable":true,"href":"https:\/\/gymaddict.fr\/en\/wp-json\/wp\/v2\/users\/1"}],"replies":[{"embeddable":true,"href":"https:\/\/gymaddict.fr\/en\/wp-json\/wp\/v2\/comments?post=585"}],"version-history":[{"count":7,"href":"https:\/\/gymaddict.fr\/en\/wp-json\/wp\/v2\/pages\/585\/revisions"}],"predecessor-version":[{"id":1270,"href":"https:\/\/gymaddict.fr\/en\/wp-json\/wp\/v2\/pages\/585\/revisions\/1270"}],"wp:attachment":[{"href":"https:\/\/gymaddict.fr\/en\/wp-json\/wp\/v2\/media?parent=585"}],"curies":[{"name":"wp","href":"https:\/\/api.w.org\/{rel}","templated":true}]}}