{"id":900,"date":"2019-05-19T21:26:29","date_gmt":"2019-05-19T19:26:29","guid":{"rendered":"http:\/\/s792608217.onlinehome.fr\/?page_id=900"},"modified":"2023-12-03T11:00:09","modified_gmt":"2023-12-03T10:00:09","slug":"tarifs","status":"publish","type":"page","link":"https:\/\/gymaddict.fr\/en\/tarifs\/","title":{"rendered":"Prices"},"content":{"rendered":"<div  data-label=\"Pricing\" data-id=\"pricing--5\" data-export-id=\"pricing-1\" data-category=\"pricing\" data-featured-class=\"pricing-featured\" class=\"pricing-1 content-section content-section-spacing\" id=\"pricing-5\" style=\"background-color: rgb(255, 255, 255);\"><div  class=\"gridContainer\"> <div  class=\"row\"><div  data-type=\"column\" class=\"section-title-col\"> <h2  class=\"text-center\" data-lt-tmp-id=\"lt-147091\" data-gramm=\"false\">Our no-obligation packages<\/h2> <\/div> <\/div> <div  data-type=\"row\" class=\"row spaced-cols\"> <div  class=\"col-xs-12 col-sm-6 col-md-3 text-center\"> <div  class=\"card shadow-small rounded\" data-default=\"shadow-small\" data-featured=\"shadow-large\" data-type=\"column\"> <h3  class=\"font-300 upper\" data-lt-tmp-id=\"lt-88062\" data-gramm=\"false\">No obligation<\/h3> <h3  class=\"h1\" data-lt-tmp-id=\"lt-730690\" data-gramm=\"false\">64\u20ac<\/h3> <p  class=\"small color1 custom-color\" data-lt-tmp-id=\"lt-11577\" data-gramm=\"false\"><span  style=\"color: rgb(235, 92, 14);\">per month<\/span><\/p> <ul  data-default=\"no-class\" data-featured=\"strong\" class=\"unstyled checked decoration-color1 black text-center\"><li >No time commitment<\/li><li >+ \u20ac5 access card<\/li><\/ul> <a class=\"button upper y-move color7\" href=\"\/\/member.resamania.com\/gymaddict\/registration\" data-default=\"color1\" data-featured=\"color2\" target=\"_self\" data-cp-link=\"1\" data-icon=\"\" rel=\"noopener\">Buy now<\/a><\/div> <\/div> <div  class=\"col-xs-12 col-sm-6 col-md-3 text-center pricing-featured\"> <div  class=\"card rounded shadow-large\" data-default=\"shadow-small\" data-featured=\"shadow-large\" data-type=\"column\"> <h3  class=\"font-300 upper\" data-lt-tmp-id=\"lt-733310\" data-gramm=\"false\">Student<\/h3> <h3  class=\"h1\" data-lt-tmp-id=\"lt-339939\" data-gramm=\"false\">49\u20ac<\/h3> <p  class=\"small color1 custom-color\" data-lt-tmp-id=\"lt-60608\" data-gramm=\"false\"><span  style=\"color: rgb(235, 92, 14);\">per month<\/span><\/p> <ul  data-default=\"no-class\" data-featured=\"strong\" class=\"unstyled checked decoration-color1 black strong text-center\"><li >No time commitment<\/li><li >Monthly direct debit subscription<\/li><li >Application fee \u20ac30<\/li><li >Student Card presentation<\/li><\/ul> <a class=\"button upper y-move color2\" href=\"\/\/member.resamania.com\/gymaddict\/registration\" data-default=\"color1\" data-featured=\"color2\" target=\"_self\" data-cp-link=\"1\" data-icon=\"\" rel=\"noopener\">Buy now<\/a><\/div> <\/div> <div  class=\"col-xs-12 col-sm-6 col-md-3 text-center\"> <div  class=\"card shadow-small rounded\" data-default=\"shadow-small\" data-featured=\"shadow-large\" data-type=\"column\"> <h3  class=\"font-300 upper\" data-lt-tmp-id=\"lt-657964\" data-gramm=\"false\">THE COURSE<\/h3> <h3  class=\"h1\" data-lt-tmp-id=\"lt-782459\" data-gramm=\"false\">10\u20ac<\/h3>  <ul  data-default=\"no-class\" data-featured=\"strong\" class=\"unstyled checked decoration-color1 black text-center\"><li >Buy now<\/li><li >Group classes or weight training\/cardio sessions<\/li><\/ul> <\/div> <\/div> <div  class=\"col-xs-12 col-sm-6 col-md-3 text-center\"> <div  class=\"card shadow-small rounded\" data-default=\"shadow-small\" data-featured=\"shadow-large\" data-type=\"column\"> <h3  class=\"font-300 upper\" data-lt-tmp-id=\"lt-147758\" data-gramm=\"false\">11-SESSION BOOKLET<\/h3> <h3  class=\"h1\" data-lt-tmp-id=\"lt-657016\" data-gramm=\"false\">100\u20ac<\/h3>  <ul  data-default=\"no-class\" data-featured=\"strong\" class=\"unstyled checked decoration-color1 black text-center\"><li >Buy now<\/li><li >Cardio training, strength training and group classes<\/li><li >+ \u20ac5 access card<\/li><\/ul> <a class=\"button color7\" href=\"\/\/member.resamania.com\/gymaddict\/registration\" target=\"_self\" data-cp-link=\"1\" data-icon=\"\" rel=\"noopener\"><span  class=\"button-icon fa\"><\/span>Buy now<\/a><\/div> <\/div><div  class=\"col-xs-12 col-sm-6 col-md-3 text-center\"> <div  class=\"card shadow-small rounded\" data-default=\"shadow-small\" data-featured=\"shadow-large\" data-type=\"column\"> <h3  class=\"font-300 upper\" data-lt-tmp-id=\"lt-429157\" data-gramm=\"false\">1 WEEK<\/h3> <h3  class=\"h1\" data-lt-tmp-id=\"lt-783093\" data-gramm=\"false\">30\u20ac<\/h3>  <ul  data-default=\"no-class\" data-featured=\"strong\" class=\"unstyled checked decoration-color1 black text-center\"><li >No time commitment<\/li><li >+ \u20ac5 access card<\/li><li >Cardio training, strength training and group classes<\/li><\/ul> <a class=\"button upper y-move color7\" href=\"\/\/member.resamania.com\/gymaddict\/registration\" data-default=\"color1\" data-featured=\"color2\" target=\"_self\" data-cp-link=\"1\" data-icon=\"\" rel=\"noopener\">Buy now<\/a><\/div> <\/div><div  class=\"col-xs-12 col-sm-6 col-md-3 text-center\"> <div  class=\"card shadow-small rounded\" data-default=\"shadow-small\" data-featured=\"shadow-large\" data-type=\"column\"> <h3  class=\"font-300 upper\" data-lt-tmp-id=\"lt-461756\" data-gramm=\"false\">2 WEEKS<\/h3> <h3  class=\"h1\" data-lt-tmp-id=\"lt-518057\" data-gramm=\"false\">50\u20ac<\/h3>  <ul  data-default=\"no-class\" data-featured=\"strong\" class=\"unstyled checked decoration-color1 black text-center\"><li >No time commitment<\/li><li >+ \u20ac5 access card<\/li><li >Cardio training, strength training and group classes<\/li><\/ul> <a class=\"button upper y-move color7\" href=\"\/\/member.resamania.com\/gymaddict\/registration\" data-default=\"color1\" data-featured=\"color2\" target=\"_self\" data-cp-link=\"1\" data-icon=\"\" rel=\"noopener\">Buy now<\/a><\/div> <\/div><\/div> <\/div><\/div><div  data-label=\"Pricing\" data-id=\"pricing--4\" data-export-id=\"pricing-1\" data-category=\"pricing\" data-featured-class=\"pricing-featured\" class=\"pricing-1 content-section content-section-spacing\" id=\"pricing-4\" style=\"background-color: rgb(245, 250, 253);\"><div  class=\"gridContainer\"> <div  class=\"row\"><div  data-type=\"column\" class=\"section-title-col\"> <h2  class=\"text-center\" data-lt-tmp-id=\"lt-809940\" data-gramm=\"false\">Our packages with commitment<\/h2> <\/div> <\/div> <div  data-type=\"row\" class=\"row spaced-cols\"> <div  class=\"col-xs-12 col-sm-6 col-md-3 text-center\"> <div  class=\"card shadow-small rounded\" data-default=\"shadow-small\" data-featured=\"shadow-large\" data-type=\"column\"> <h3  class=\"font-300 upper\" data-lt-tmp-id=\"lt-175571\" data-gramm=\"false\">Classic subscription<\/h3> <h3  class=\"h1\" data-lt-tmp-id=\"lt-684515\" data-gramm=\"false\">59\u20ac<\/h3> <p  class=\"small color1 custom-color\" data-lt-tmp-id=\"lt-701609\" data-gramm=\"false\"><span  style=\"color: rgb(235, 92, 14);\">per month\/12 months<\/span><\/p> <ul  data-default=\"no-class\" data-featured=\"strong\" class=\"unstyled checked decoration-color1 black text-center\"><li >Open-ended contract with minimum 12-month commitment<\/li><li >Cardio training, strength training and group classes<\/li><li >Monthly direct debit subscription<\/li><li >Application fee \u20ac49<\/li><li >1 month's notice<\/li><\/ul> <a class=\"button upper y-move color7\" href=\"\/\/member.resamania.com\/gymaddict\/registration\" data-default=\"color1\" data-featured=\"color2\" target=\"_self\" data-cp-link=\"1\" data-icon=\"\" rel=\"noopener\">Buy now<\/a><\/div> <\/div> <div  class=\"col-xs-12 col-sm-6 col-md-3 text-center pricing-featured\"> <div  class=\"card rounded shadow-large\" data-default=\"shadow-small\" data-featured=\"shadow-large\" data-type=\"column\"> <h3  class=\"font-300 upper\" data-lt-tmp-id=\"lt-969202\" data-gramm=\"false\">Off-peak subscription<\/h3> <h3  class=\"h1\" data-lt-tmp-id=\"lt-406390\" data-gramm=\"false\">39,90\u20ac<\/h3> <p  class=\"small color1 custom-color\" data-lt-tmp-id=\"lt-145201\" data-gramm=\"false\"><span  style=\"color: rgb(235, 92, 14);\">per month\/12 months<\/span><\/p> <ul  data-default=\"no-class\" data-featured=\"strong\" class=\"unstyled checked decoration-color1 black strong text-center\"><li >Open-ended contract with minimum 12-month commitment<\/li><li >From 8H00 to 16H00 only, excluding group courses<\/li><li >Monthly direct debit subscription<\/li><li >Application fee \u20ac49<\/li><li >1 month's notice<\/li><\/ul> <a class=\"button upper y-move color2\" href=\"\/\/member.resamania.com\/gymaddict\/registration\" data-default=\"color1\" data-featured=\"color2\" target=\"_self\" data-cp-link=\"1\" data-icon=\"\" rel=\"noopener\">Buy now<\/a><\/div> <\/div>  <\/div> <\/div><\/div>","protected":false},"excerpt":{"rendered":"<p>Nos formules sans engagement Sans engagement 64\u20ac par mois Sans engagement de dur\u00e9e+ 5\u20ac carte d\u2019acc\u00e9s Achat imm\u00e9diat lyc\u00e9en 49\u20ac par mois Sans engagement de dur\u00e9eAbonnement en pr\u00e9l\u00e8vement automatique mensualis\u00e9Frais de dossier 30\u20acPr\u00e9sentation Carte de Lyc\u00e9en Achat imm\u00e9diat LE COURS 10\u20ac Paiement imm\u00e9diatLe cours collectif ou la s\u00e9ance de musculation\/ cardio CARNET 11 S\u00c9ANCES 100\u20ac&hellip; <br \/> <a class=\"read-more\" href=\"https:\/\/gymaddict.fr\/en\/tarifs\/\">Read more<\/a><\/p>","protected":false},"author":1,"featured_media":0,"parent":0,"menu_order":0,"comment_status":"closed","ping_status":"closed","template":"pro\/page-templates\/full-width-page.php","meta":[],"aioseo_notices":[],"_links":{"self":[{"href":"https:\/\/gymaddict.fr\/en\/wp-json\/wp\/v2\/pages\/900"}],"collection":[{"href":"https:\/\/gymaddict.fr\/en\/wp-json\/wp\/v2\/pages"}],"about":[{"href":"https:\/\/gymaddict.fr\/en\/wp-json\/wp\/v2\/types\/page"}],"author":[{"embeddable":true,"href":"https:\/\/gymaddict.fr\/en\/wp-json\/wp\/v2\/users\/1"}],"replies":[{"embeddable":true,"href":"https:\/\/gymaddict.fr\/en\/wp-json\/wp\/v2\/comments?post=900"}],"version-history":[{"count":32,"href":"https:\/\/gymaddict.fr\/en\/wp-json\/wp\/v2\/pages\/900\/revisions"}],"predecessor-version":[{"id":1624,"href":"https:\/\/gymaddict.fr\/en\/wp-json\/wp\/v2\/pages\/900\/revisions\/1624"}],"wp:attachment":[{"href":"https:\/\/gymaddict.fr\/en\/wp-json\/wp\/v2\/media?parent=900"}],"curies":[{"name":"wp","href":"https:\/\/api.w.org\/{rel}","templated":true}]}}